{"id":9,"date":"2020-03-26T18:08:07","date_gmt":"2020-03-26T17:08:07","guid":{"rendered":"http:\/\/habitat3connect.com\/?page_id=9"},"modified":"2022-10-13T14:54:41","modified_gmt":"2022-10-13T12:54:41","slug":"a-propos-de","status":"publish","type":"page","link":"https:\/\/habitat3connect.com\/index.php\/a-propos-de\/","title":{"rendered":"NOTRE SOCIETE"},"content":{"rendered":"<p>Installation de vid\u00e9osurveillance \u00e0 Troyes Obtenez plus d\u2019informations en appelant au <strong>06 52 87 53 34<\/strong> Habitat 3 connect est une entreprise sp\u00e9cialis\u00e9e dans l\u2019installation de vid\u00e9osurveillance. Nous pouvons nous d\u00e9placer \u00e0 Troyes, Aix-en-Othe, Romilly-sur-Seine et alentour. Nos prestations en quelques mots Nous sommes sp\u00e9cialis\u00e9s dans la pose de dispositifs de vid\u00e9osurveillance. Nos prestations s\u2019adressent aux particuliers, aux entreprises et aux commer\u00e7ants qui souhaitent renforcer la s\u00e9curit\u00e9 de leurs b\u00e2timents. Rien n\u2019\u00e9chappe \u00e0 notre savoir-faire : \u00e9tude du projet, choix de l\u2019emplacement des cam\u00e9ras, installation des \u00e9quipements et raccordement \u00e9lectrique. Vous pouvez aussi compter sur nous pour installer des d\u00e9tecteurs de mouvement et des alarmes . Notre savoir-faire et notre exp\u00e9rience nous permettent de vous apporter des solutions de surveillance efficaces et r\u00e9pondant \u00e0 vos besoins.<\/p>\n","protected":false},"excerpt":{"rendered":"<p>Installation de vid\u00e9osurveillance \u00e0 Troyes Obtenez plus d\u2019informations en appelant au 06 52 87 53 34 Habitat 3 connect est une entreprise sp\u00e9cialis\u00e9e dans l\u2019installation de vid\u00e9osurveillance. Nous pouvons nous d\u00e9placer \u00e0 Troyes, Aix-en-Othe, Romilly-sur-Seine et alentour. Nos prestations en quelques mots Nous sommes sp\u00e9cialis\u00e9s dans la pose de dispositifs de vid\u00e9osurveillance. Nos prestations s\u2019adressent &hellip; <a href=\"https:\/\/habitat3connect.com\/index.php\/a-propos-de\/\" class=\"more-link\">Lire la suite <span class=\"screen-reader-text\">NOTRE SOCIETE<\/span><\/a><\/p>\n","protected":false},"author":1,"featured_media":0,"parent":0,"menu_order":0,"comment_status":"closed","ping_status":"closed","template":"","meta":{"footnotes":""},"class_list":["post-9","page","type-page","status-publish","hentry","without-featured-image"],"_links":{"self":[{"href":"https:\/\/habitat3connect.com\/index.php\/wp-json\/wp\/v2\/pages\/9","targetHints":{"allow":["GET"]}}],"collection":[{"href":"https:\/\/habitat3connect.com\/index.php\/wp-json\/wp\/v2\/pages"}],"about":[{"href":"https:\/\/habitat3connect.com\/index.php\/wp-json\/wp\/v2\/types\/page"}],"author":[{"embeddable":true,"href":"https:\/\/habitat3connect.com\/index.php\/wp-json\/wp\/v2\/users\/1"}],"replies":[{"embeddable":true,"href":"https:\/\/habitat3connect.com\/index.php\/wp-json\/wp\/v2\/comments?post=9"}],"version-history":[{"count":3,"href":"https:\/\/habitat3connect.com\/index.php\/wp-json\/wp\/v2\/pages\/9\/revisions"}],"predecessor-version":[{"id":64,"href":"https:\/\/habitat3connect.com\/index.php\/wp-json\/wp\/v2\/pages\/9\/revisions\/64"}],"wp:attachment":[{"href":"https:\/\/habitat3connect.com\/index.php\/wp-json\/wp\/v2\/media?parent=9"}],"curies":[{"name":"wp","href":"https:\/\/api.w.org\/{rel}","templated":true}]}}